{"id":6569,"date":"2021-03-22T17:06:03","date_gmt":"2021-03-22T20:06:03","guid":{"rendered":"http:\/\/reinadelcielo.cl\/radio\/?page_id=6569"},"modified":"2021-03-22T17:08:08","modified_gmt":"2021-03-22T20:08:08","slug":"evangelio-89","status":"publish","type":"page","link":"https:\/\/reinadelcielo.cl\/radio\/evangelio-89\/","title":{"rendered":"Evangelio 89"},"content":{"rendered":"\n<p class=\"has-text-align-left\"><img loading=\"lazy\" decoding=\"async\" width=\"300\" height=\"300\" class=\"wp-image-6570\" style=\"width: 300px;\" src=\"http:\/\/reinadelcielo.cl\/radio\/wp-content\/uploads\/2021\/03\/evangelio-89.jpg\" alt=\"\" srcset=\"https:\/\/reinadelcielo.cl\/radio\/wp-content\/uploads\/2021\/03\/evangelio-89.jpg 300w, https:\/\/reinadelcielo.cl\/radio\/wp-content\/uploads\/2021\/03\/evangelio-89-150x150.jpg 150w\" sizes=\"auto, (max-width: 300px) 100vw, 300px\" \/><\/p>\n\n\n\n<p class=\"has-text-align-left\">Evangelio 89, programa donde leemos y comentamos los 89 cap\u00edtulos de los 4 evangelios, en la voz de Santiago Acevedo.<\/p>\n\n\n\n<p>Este programa fue originalmente grabado para la Radio Regina Coeli de la Di\u00f3cesis de Santa Mar\u00eda de los \u00c1ngeles en Chile. Ahora se pone a disposici\u00f3n de toda la comunidad, para que te fascines con las historias de Dios en la tierra.<\/p>\n\n\n\n<div class=\"wp-block-columns is-layout-flex wp-container-core-columns-is-layout-9d6595d7 wp-block-columns-is-layout-flex\">\n<div class=\"wp-block-column is-layout-flow wp-block-column-is-layout-flow\" style=\"flex-basis:100%\">\n<figure class=\"wp-block-audio\"><audio controls src=\"http:\/\/reinadelcielo.cl\/radio\/wp-content\/uploads\/2021\/03\/Evangelio-89-San-Mateo-Cap-02.mp3\"><\/audio><figcaption>Evangelio 89 &#8211; San Mateo Cap 02<\/figcaption><\/figure>\n\n\n\n<figure class=\"wp-block-audio\"><audio controls src=\"http:\/\/reinadelcielo.cl\/radio\/wp-content\/uploads\/2021\/03\/Evangelio-89-San-Mateo-Cap-01.mp3\"><\/audio><figcaption>Evangelio-89-San-Mateo-Cap-01<\/figcaption><\/figure>\n<\/div>\n<\/div>\n","protected":false},"excerpt":{"rendered":"<p>Evangelio 89, programa donde leemos y comentamos los 89 cap\u00edtulos de los 4 evangelios, en la voz de Santiago Acevedo. Este programa fue originalmente grabado para la Radio Regina Coeli de la Di\u00f3cesis de Santa Mar\u00eda de los \u00c1ngeles en Chile. Ahora se pone a disposici\u00f3n de toda la comunidad, para que te fascines con &hellip;<\/p>\n","protected":false},"author":2,"featured_media":0,"parent":0,"menu_order":0,"comment_status":"closed","ping_status":"closed","template":"","meta":{"footnotes":""},"class_list":["post-6569","page","type-page","status-publish",""],"_links":{"self":[{"href":"https:\/\/reinadelcielo.cl\/radio\/wp-json\/wp\/v2\/pages\/6569","targetHints":{"allow":["GET"]}}],"collection":[{"href":"https:\/\/reinadelcielo.cl\/radio\/wp-json\/wp\/v2\/pages"}],"about":[{"href":"https:\/\/reinadelcielo.cl\/radio\/wp-json\/wp\/v2\/types\/page"}],"author":[{"embeddable":true,"href":"https:\/\/reinadelcielo.cl\/radio\/wp-json\/wp\/v2\/users\/2"}],"replies":[{"embeddable":true,"href":"https:\/\/reinadelcielo.cl\/radio\/wp-json\/wp\/v2\/comments?post=6569"}],"version-history":[{"count":4,"href":"https:\/\/reinadelcielo.cl\/radio\/wp-json\/wp\/v2\/pages\/6569\/revisions"}],"predecessor-version":[{"id":6581,"href":"https:\/\/reinadelcielo.cl\/radio\/wp-json\/wp\/v2\/pages\/6569\/revisions\/6581"}],"wp:attachment":[{"href":"https:\/\/reinadelcielo.cl\/radio\/wp-json\/wp\/v2\/media?parent=6569"}],"curies":[{"name":"wp","href":"https:\/\/api.w.org\/{rel}","templated":true}]}}