{"id":6132,"date":"2020-08-12T19:51:19","date_gmt":"2020-08-12T22:51:19","guid":{"rendered":"http:\/\/reinadelcielo.cl\/radio\/?page_id=6132"},"modified":"2020-11-18T12:34:03","modified_gmt":"2020-11-18T15:34:03","slug":"somos-todos","status":"publish","type":"page","link":"https:\/\/reinadelcielo.cl\/radio\/somos-todos\/","title":{"rendered":"Somos Todos"},"content":{"rendered":"\n<p>Programa que pretende generar un espacio radial de encuentro e intercambio cultural entre la comunidad migrante y la comunidad local.<\/p>\n\n\n\n<p>Los diferentes temas ser\u00e1n abordados mediante la entrega de informaci\u00f3n y la realizaci\u00f3n de entrevistas a invitados.<\/p>\n\n\n\n<h2 class=\"wp-block-heading\">\u00daltima Edici\u00f3n<\/h2>\n\n\n\n<figure class=\"wp-block-audio\"><audio controls src=\"http:\/\/reinadelcielo.cl\/radio\/wp-content\/uploads\/2020\/11\/Somos-Todos-Jueves-12-Noviembre-2020.mp3\"><\/audio><figcaption>Somos Todos &#8211; Jueves 12 Noviembre 2020<br><\/figcaption><\/figure>\n\n\n\n<h2 class=\"wp-block-heading\">Edi<strong>ciones Anteriores<\/strong><\/h2>\n\n\n\n<figure class=\"wp-block-audio\"><audio controls src=\"http:\/\/reinadelcielo.cl\/radio\/wp-content\/uploads\/2020\/11\/Somos-Todos-Jueves-05-Noviembre-2020-.mp3\"><\/audio><figcaption>Somos Todos &#8211; Jueves 05 Noviembre 2020<\/figcaption><\/figure>\n\n\n\n<p><\/p>\n\n\n\n<figure class=\"wp-block-audio\"><audio controls src=\"http:\/\/reinadelcielo.cl\/radio\/wp-content\/uploads\/2020\/10\/Somos-Todos-Jueves-29-Octubre-2020-.mp3\"><\/audio><figcaption>Somos Todos &#8211; Jueves 29 Octubre 2020<br><\/figcaption><\/figure>\n\n\n\n<figure class=\"wp-block-audio\"><audio controls src=\"http:\/\/reinadelcielo.cl\/radio\/wp-content\/uploads\/2020\/10\/Somos-Todos-Jueves-15-Octubre-2020-.mp3\"><\/audio><figcaption>Somos Todos &#8211; Jueves 15 Octubre 2020<\/figcaption><\/figure>\n\n\n\n<figure class=\"wp-block-audio\"><audio controls src=\"http:\/\/reinadelcielo.cl\/radio\/wp-content\/uploads\/2020\/10\/Somos-Todos-Jueves-01-Octubre-2020.mp3\"><\/audio><figcaption>Somos Todos &#8211; Jueves 01 Octubre 2020<\/figcaption><\/figure>\n\n\n\n<figure class=\"wp-block-audio\"><audio controls src=\"http:\/\/reinadelcielo.cl\/radio\/wp-content\/uploads\/2020\/09\/Somos-Todos-Jueves-24-Septiembre-2020.mp3\"><\/audio><figcaption>Somos Todos &#8211; Jueves 24 Septiembre 2020<\/figcaption><\/figure>\n\n\n\n<figure class=\"wp-block-audio\"><audio controls src=\"http:\/\/reinadelcielo.cl\/radio\/wp-content\/uploads\/2020\/09\/Somos-Todos-Jueves-10-Septiembre-2020.mp3\"><\/audio><figcaption>Somos Todos &#8211; Jueves 10 Septiembre 2020<\/figcaption><\/figure>\n\n\n\n<figure class=\"wp-block-audio\"><audio controls src=\"http:\/\/reinadelcielo.cl\/radio\/wp-content\/uploads\/2020\/09\/Somos-Todos-Jueves-03-Septiembre-2020-.mp3\"><\/audio><figcaption>Somos Todos &#8211; Jueves 03 Septiembre 2020<\/figcaption><\/figure>\n\n\n\n<figure class=\"wp-block-audio\"><audio controls src=\"http:\/\/reinadelcielo.cl\/radio\/wp-content\/uploads\/2020\/08\/Somos-Todos-Jueves-27-Agostos-2020-.mp3\"><\/audio><figcaption>Somos Todos &#8211; Jueves 27 Agostos 2020<\/figcaption><\/figure>\n\n\n\n<figure class=\"wp-block-audio\"><audio controls src=\"http:\/\/reinadelcielo.cl\/radio\/wp-content\/uploads\/2020\/08\/Somos-Todos-Jueves-19-Agostos-2020.mp3\"><\/audio><figcaption>Somos Todos &#8211; Jueves 19 Agostos 2020<\/figcaption><\/figure>\n\n\n\n<figure class=\"wp-block-audio\"><audio controls src=\"http:\/\/reinadelcielo.cl\/radio\/wp-content\/uploads\/2020\/08\/Somos-Todos-Jueves-13-Agostos-2020-.mp3\"><\/audio><figcaption>Somos Todos &#8211; Jueves 13 Agostos 2020<\/figcaption><\/figure>\n","protected":false},"excerpt":{"rendered":"<p>Programa que pretende generar un espacio radial de encuentro e intercambio cultural entre la comunidad migrante y la comunidad local. Los diferentes temas ser\u00e1n abordados mediante la entrega de informaci\u00f3n y la realizaci\u00f3n de entrevistas a invitados. \u00daltima Edici\u00f3n Somos Todos &#8211; Jueves 12 Noviembre 2020 Ediciones Anteriores Somos Todos &#8211; Jueves 05 Noviembre 2020 &hellip;<\/p>\n","protected":false},"author":2,"featured_media":0,"parent":0,"menu_order":0,"comment_status":"closed","ping_status":"closed","template":"","meta":{"footnotes":""},"class_list":["post-6132","page","type-page","status-publish",""],"_links":{"self":[{"href":"https:\/\/reinadelcielo.cl\/radio\/wp-json\/wp\/v2\/pages\/6132","targetHints":{"allow":["GET"]}}],"collection":[{"href":"https:\/\/reinadelcielo.cl\/radio\/wp-json\/wp\/v2\/pages"}],"about":[{"href":"https:\/\/reinadelcielo.cl\/radio\/wp-json\/wp\/v2\/types\/page"}],"author":[{"embeddable":true,"href":"https:\/\/reinadelcielo.cl\/radio\/wp-json\/wp\/v2\/users\/2"}],"replies":[{"embeddable":true,"href":"https:\/\/reinadelcielo.cl\/radio\/wp-json\/wp\/v2\/comments?post=6132"}],"version-history":[{"count":11,"href":"https:\/\/reinadelcielo.cl\/radio\/wp-json\/wp\/v2\/pages\/6132\/revisions"}],"predecessor-version":[{"id":6389,"href":"https:\/\/reinadelcielo.cl\/radio\/wp-json\/wp\/v2\/pages\/6132\/revisions\/6389"}],"wp:attachment":[{"href":"https:\/\/reinadelcielo.cl\/radio\/wp-json\/wp\/v2\/media?parent=6132"}],"curies":[{"name":"wp","href":"https:\/\/api.w.org\/{rel}","templated":true}]}}