{"id":2475,"date":"2018-05-23T19:59:19","date_gmt":"2018-05-23T23:59:19","guid":{"rendered":"http:\/\/reinadelcielo.cl\/radio\/?page_id=2475"},"modified":"2025-04-28T10:26:31","modified_gmt":"2025-04-28T13:26:31","slug":"eventos-de-la-radio","status":"publish","type":"page","link":"https:\/\/reinadelcielo.cl\/radio\/eventos-de-la-radio\/","title":{"rendered":"Eventos de la Radio"},"content":{"rendered":"<p><img loading=\"lazy\" decoding=\"async\" class=\"wp-image-3025 alignleft\" src=\"http:\/\/reinadelcielo.cl\/radio\/wp-content\/uploads\/2018\/08\/Logo-regina-coeli-300x300.jpg\" alt=\"\" width=\"207\" height=\"207\" srcset=\"https:\/\/reinadelcielo.cl\/radio\/wp-content\/uploads\/2018\/08\/Logo-regina-coeli-300x300.jpg 300w, https:\/\/reinadelcielo.cl\/radio\/wp-content\/uploads\/2018\/08\/Logo-regina-coeli-150x150.jpg 150w, https:\/\/reinadelcielo.cl\/radio\/wp-content\/uploads\/2018\/08\/Logo-regina-coeli.jpg 670w\" sizes=\"auto, (max-width: 207px) 100vw, 207px\" \/>Aqu\u00ed encontraras los eventos m\u00e1s importantes que se producen en la radio, entrevistas, mensajes y otras.<\/p>\n<p>&nbsp;<\/p>\n<p>&nbsp;<\/p>\n<p>&nbsp;<\/p>\n<p>&nbsp;<\/p>\n<p>&nbsp;<\/p>\n<audio class=\"wp-audio-shortcode\" id=\"audio-2475-1\" preload=\"none\" style=\"width: 100%;\" controls=\"controls\"><source type=\"audio\/mpeg\" src=\"http:\/\/reinadelcielo.cl\/radio\/wp-content\/uploads\/2025\/04\/Homilia-Domingo-27-de-Abril-de-2024-Padre-Ramon-Henriquez.mp3?_=1\" \/><a href=\"http:\/\/reinadelcielo.cl\/radio\/wp-content\/uploads\/2025\/04\/Homilia-Domingo-27-de-Abril-de-2024-Padre-Ramon-Henriquez.mp3\">http:\/\/reinadelcielo.cl\/radio\/wp-content\/uploads\/2025\/04\/Homilia-Domingo-27-de-Abril-de-2024-Padre-Ramon-Henriquez.mp3<\/a><\/audio>\n<p><a href=\"http:\/\/reinadelcielo.cl\/radio\/wp-content\/uploads\/2025\/04\/Homilia-Domingo-27-de-Abril-de-2024-Padre-Ramon-Henriquez.mp3\">Homil\u00eda Domingo 27 de Abril de 2024 &#8211; Padre Ram\u00f3n Henr\u00edquez<\/a><\/p>\n<audio class=\"wp-audio-shortcode\" id=\"audio-2475-2\" preload=\"none\" style=\"width: 100%;\" controls=\"controls\"><source type=\"audio\/mpeg\" src=\"http:\/\/reinadelcielo.cl\/radio\/wp-content\/uploads\/2025\/01\/Nota-Padre-Mauricio-Zapata.mp3?_=2\" \/><a href=\"http:\/\/reinadelcielo.cl\/radio\/wp-content\/uploads\/2025\/01\/Nota-Padre-Mauricio-Zapata.mp3\">http:\/\/reinadelcielo.cl\/radio\/wp-content\/uploads\/2025\/01\/Nota-Padre-Mauricio-Zapata.mp3<\/a><\/audio>\n<p><a href=\"http:\/\/reinadelcielo.cl\/radio\/wp-content\/uploads\/2025\/01\/Nota-Padre-Mauricio-Zapata.mp3\">Nota Padre Mauricio Zapata Milagro Mar\u00eda Vicenta Poloni<\/a><\/p>\n<audio class=\"wp-audio-shortcode\" id=\"audio-2475-3\" preload=\"none\" style=\"width: 100%;\" controls=\"controls\"><source type=\"audio\/mpeg\" src=\"http:\/\/reinadelcielo.cl\/radio\/wp-content\/uploads\/2025\/01\/Nota-Padre-Jorge-Cerda.mp3?_=3\" \/><a href=\"http:\/\/reinadelcielo.cl\/radio\/wp-content\/uploads\/2025\/01\/Nota-Padre-Jorge-Cerda.mp3\">http:\/\/reinadelcielo.cl\/radio\/wp-content\/uploads\/2025\/01\/Nota-Padre-Jorge-Cerda.mp3<\/a><\/audio>\n<p><a href=\"http:\/\/reinadelcielo.cl\/radio\/wp-content\/uploads\/2025\/01\/Nota-Padre-Jorge-Cerda.mp3\">Nota Padre Jorge Cerda Milagro Mar\u00eda Vicenta Poloni<\/a><\/p>\n<audio class=\"wp-audio-shortcode\" id=\"audio-2475-4\" preload=\"none\" style=\"width: 100%;\" controls=\"controls\"><source type=\"audio\/mpeg\" src=\"http:\/\/reinadelcielo.cl\/radio\/wp-content\/uploads\/2025\/01\/Nota-Padre-Alvaro-Martinez.mp3?_=4\" \/><a href=\"http:\/\/reinadelcielo.cl\/radio\/wp-content\/uploads\/2025\/01\/Nota-Padre-Alvaro-Martinez.mp3\">http:\/\/reinadelcielo.cl\/radio\/wp-content\/uploads\/2025\/01\/Nota-Padre-Alvaro-Martinez.mp3<\/a><\/audio>\n<p><a href=\"http:\/\/reinadelcielo.cl\/radio\/wp-content\/uploads\/2025\/01\/Nota-Padre-Alvaro-Martinez.mp3\">Nota Padre \u00c1lvaro Mart\u00ednez Milagro Mar\u00eda Vicenta Poloni<\/a><\/p>\n<audio class=\"wp-audio-shortcode\" id=\"audio-2475-5\" preload=\"none\" style=\"width: 100%;\" controls=\"controls\"><source type=\"audio\/mpeg\" src=\"http:\/\/reinadelcielo.cl\/radio\/wp-content\/uploads\/2024\/07\/Homilia-Aniversario-Radio-Regina-Coeli.mp3?_=5\" \/><a href=\"http:\/\/reinadelcielo.cl\/radio\/wp-content\/uploads\/2024\/07\/Homilia-Aniversario-Radio-Regina-Coeli.mp3\">http:\/\/reinadelcielo.cl\/radio\/wp-content\/uploads\/2024\/07\/Homilia-Aniversario-Radio-Regina-Coeli.mp3<\/a><\/audio>\n<p><a href=\"http:\/\/reinadelcielo.cl\/radio\/wp-content\/uploads\/2024\/07\/Homilia-Aniversario-Radio-Regina-Coeli.mp3\">Homil\u00eda Aniversario Radio Regina Coeli<\/a><\/p>\n<audio class=\"wp-audio-shortcode\" id=\"audio-2475-6\" preload=\"none\" style=\"width: 100%;\" controls=\"controls\"><source type=\"audio\/mpeg\" src=\"http:\/\/reinadelcielo.cl\/radio\/wp-content\/uploads\/2020\/05\/Homil\u00eda-Domingo-03-mayo-Monse\u00f1or-Felipe-Bacarreza.mp3?_=6\" \/><a href=\"http:\/\/reinadelcielo.cl\/radio\/wp-content\/uploads\/2020\/05\/Homil\u00eda-Domingo-03-mayo-Monse\u00f1or-Felipe-Bacarreza.mp3\">http:\/\/reinadelcielo.cl\/radio\/wp-content\/uploads\/2020\/05\/Homil\u00eda-Domingo-03-mayo-Monse\u00f1or-Felipe-Bacarreza.mp3<\/a><\/audio>\n<p><a href=\"http:\/\/reinadelcielo.cl\/radio\/wp-content\/uploads\/2020\/05\/Homil\u00eda-Domingo-03-mayo-Monse\u00f1or-Felipe-Bacarreza.mp3\">Homil\u00eda Domingo 03 mayo 2020 Monse\u00f1or Felipe Bacarreza<\/a><\/p>\n<audio class=\"wp-audio-shortcode\" id=\"audio-2475-7\" preload=\"none\" style=\"width: 100%;\" controls=\"controls\"><source type=\"audio\/mpeg\" src=\"http:\/\/reinadelcielo.cl\/radio\/wp-content\/uploads\/2020\/04\/Homilia-Domingo-26-abril-Monse\u00f1or-Felipe-Bacarreza.mp3?_=7\" \/><a href=\"http:\/\/reinadelcielo.cl\/radio\/wp-content\/uploads\/2020\/04\/Homilia-Domingo-26-abril-Monse\u00f1or-Felipe-Bacarreza.mp3\">http:\/\/reinadelcielo.cl\/radio\/wp-content\/uploads\/2020\/04\/Homilia-Domingo-26-abril-Monse\u00f1or-Felipe-Bacarreza.mp3<\/a><\/audio>\n<p><a href=\"http:\/\/reinadelcielo.cl\/radio\/wp-content\/uploads\/2020\/04\/Homilia-Domingo-26-abril-Monse\u00f1or-Felipe-Bacarreza.mp3\">Homil\u00eda Domingo 26 abril 2020 Monse\u00f1or Felipe Bacarreza<\/a><\/p>\n<audio class=\"wp-audio-shortcode\" id=\"audio-2475-8\" preload=\"none\" style=\"width: 100%;\" controls=\"controls\"><source type=\"audio\/mpeg\" src=\"http:\/\/reinadelcielo.cl\/radio\/wp-content\/uploads\/2019\/11\/Comentario-padre-Eduardo-Riquelme-.mp3?_=8\" \/><a href=\"http:\/\/reinadelcielo.cl\/radio\/wp-content\/uploads\/2019\/11\/Comentario-padre-Eduardo-Riquelme-.mp3\">http:\/\/reinadelcielo.cl\/radio\/wp-content\/uploads\/2019\/11\/Comentario-padre-Eduardo-Riquelme-.mp3<\/a><\/audio>\n<p><a href=\"http:\/\/reinadelcielo.cl\/radio\/wp-content\/uploads\/2019\/11\/Comentario-padre-Eduardo-Riquelme-.mp3\">Comentario padre Eduardo Riquelme<\/a><\/p>\n<audio class=\"wp-audio-shortcode\" id=\"audio-2475-9\" preload=\"none\" style=\"width: 100%;\" controls=\"controls\"><source type=\"audio\/mpeg\" src=\"http:\/\/reinadelcielo.cl\/radio\/wp-content\/uploads\/2019\/08\/Mensaje-de-padre-Ivan-Gatica.mp3?_=9\" \/><a href=\"http:\/\/reinadelcielo.cl\/radio\/wp-content\/uploads\/2019\/08\/Mensaje-de-padre-Ivan-Gatica.mp3\">http:\/\/reinadelcielo.cl\/radio\/wp-content\/uploads\/2019\/08\/Mensaje-de-padre-Ivan-Gatica.mp3<\/a><\/audio>\n<p><a href=\"http:\/\/reinadelcielo.cl\/radio\/wp-content\/uploads\/2019\/08\/Mensaje-de-padre-Ivan-Gatica.mp3\">Mensaje de padre Iv\u00e1n Gatica<\/a><\/p>\n<audio class=\"wp-audio-shortcode\" id=\"audio-2475-10\" preload=\"none\" style=\"width: 100%;\" controls=\"controls\"><source type=\"audio\/mpeg\" src=\"http:\/\/reinadelcielo.cl\/radio\/wp-content\/uploads\/2019\/08\/Homilia-Monse\u00f1or-ordenacion-Ivan-Gatica-Larenas.mp3?_=10\" \/><a href=\"http:\/\/reinadelcielo.cl\/radio\/wp-content\/uploads\/2019\/08\/Homilia-Monse\u00f1or-ordenacion-Ivan-Gatica-Larenas.mp3\">http:\/\/reinadelcielo.cl\/radio\/wp-content\/uploads\/2019\/08\/Homilia-Monse\u00f1or-ordenacion-Ivan-Gatica-Larenas.mp3<\/a><\/audio>\n<p><a href=\"http:\/\/reinadelcielo.cl\/radio\/wp-content\/uploads\/2019\/08\/Homilia-Monse\u00f1or-ordenacion-Ivan-Gatica-Larenas.mp3\">Homil\u00eda Monse\u00f1or Felipe Bacarreza ordenaci\u00f3n Iv\u00e1n Francisco Gatica Larenas <\/a><\/p>\n<audio class=\"wp-audio-shortcode\" id=\"audio-2475-11\" preload=\"none\" style=\"width: 100%;\" controls=\"controls\"><source type=\"audio\/mpeg\" src=\"http:\/\/reinadelcielo.cl\/radio\/wp-content\/uploads\/2019\/07\/Homilia-Monse\u00f1or-Felipe-Bacarreza-aniversario-radio.mp3?_=11\" \/><a href=\"http:\/\/reinadelcielo.cl\/radio\/wp-content\/uploads\/2019\/07\/Homilia-Monse\u00f1or-Felipe-Bacarreza-aniversario-radio.mp3\">http:\/\/reinadelcielo.cl\/radio\/wp-content\/uploads\/2019\/07\/Homilia-Monse\u00f1or-Felipe-Bacarreza-aniversario-radio.mp3<\/a><\/audio>\n<p><a href=\"http:\/\/reinadelcielo.cl\/radio\/wp-content\/uploads\/2019\/07\/Homilia-Monse\u00f1or-Felipe-Bacarreza-aniversario-radio.mp3\">Homil\u00eda Monse\u00f1or Felipe Bacarreza aniversario radio 160719<\/a><\/p>\n<audio class=\"wp-audio-shortcode\" id=\"audio-2475-12\" preload=\"none\" style=\"width: 100%;\" controls=\"controls\"><source type=\"audio\/mpeg\" src=\"http:\/\/reinadelcielo.cl\/radio\/wp-content\/uploads\/2019\/07\/Mensaje-Fernando-Chandia.mp3?_=12\" \/><a href=\"http:\/\/reinadelcielo.cl\/radio\/wp-content\/uploads\/2019\/07\/Mensaje-Fernando-Chandia.mp3\">http:\/\/reinadelcielo.cl\/radio\/wp-content\/uploads\/2019\/07\/Mensaje-Fernando-Chandia.mp3<\/a><\/audio>\n<p><a href=\"http:\/\/reinadelcielo.cl\/radio\/wp-content\/uploads\/2019\/07\/Mensaje-Fernando-Chandia.mp3\">Mensaje Fernando Chand\u00eda 160719<\/a><\/p>\n<audio class=\"wp-audio-shortcode\" id=\"audio-2475-13\" preload=\"none\" style=\"width: 100%;\" controls=\"controls\"><source type=\"audio\/mpeg\" src=\"http:\/\/reinadelcielo.cl\/radio\/wp-content\/uploads\/2019\/06\/Saludo-monse\u00f1or-Miguel-Caviedes.mp3?_=13\" \/><a href=\"http:\/\/reinadelcielo.cl\/radio\/wp-content\/uploads\/2019\/06\/Saludo-monse\u00f1or-Miguel-Caviedes.mp3\">http:\/\/reinadelcielo.cl\/radio\/wp-content\/uploads\/2019\/06\/Saludo-monse\u00f1or-Miguel-Caviedes.mp3<\/a><\/audio>\n<p><a href=\"http:\/\/reinadelcielo.cl\/radio\/wp-content\/uploads\/2019\/06\/Saludo-monse\u00f1or-Miguel-Caviedes.mp3\">Saludo monse\u00f1or Miguel Caviedes<\/a><\/p>\n<audio class=\"wp-audio-shortcode\" id=\"audio-2475-14\" preload=\"none\" style=\"width: 100%;\" controls=\"controls\"><source type=\"audio\/mpeg\" src=\"http:\/\/reinadelcielo.cl\/radio\/wp-content\/uploads\/2019\/06\/Homilia-60-aniversario-diocesis-210619.mp3?_=14\" \/><a href=\"http:\/\/reinadelcielo.cl\/radio\/wp-content\/uploads\/2019\/06\/Homilia-60-aniversario-diocesis-210619.mp3\">http:\/\/reinadelcielo.cl\/radio\/wp-content\/uploads\/2019\/06\/Homilia-60-aniversario-diocesis-210619.mp3<\/a><\/audio>\n<p><a href=\"http:\/\/reinadelcielo.cl\/radio\/wp-content\/uploads\/2019\/06\/Homilia-60-aniversario-diocesis-210619.mp3\">Homil\u00eda 60 aniversario di\u00f3cesis 210619<\/a><\/p>\n<audio class=\"wp-audio-shortcode\" id=\"audio-2475-15\" preload=\"none\" style=\"width: 100%;\" controls=\"controls\"><source type=\"audio\/mpeg\" src=\"http:\/\/reinadelcielo.cl\/radio\/wp-content\/uploads\/2019\/05\/Entrevista-Luna-Eikar-viernes-10-de-mayo-2019.mp3?_=15\" \/><a href=\"http:\/\/reinadelcielo.cl\/radio\/wp-content\/uploads\/2019\/05\/Entrevista-Luna-Eikar-viernes-10-de-mayo-2019.mp3\">http:\/\/reinadelcielo.cl\/radio\/wp-content\/uploads\/2019\/05\/Entrevista-Luna-Eikar-viernes-10-de-mayo-2019.mp3<\/a><\/audio>\n<p><a href=\"http:\/\/reinadelcielo.cl\/radio\/wp-content\/uploads\/2019\/05\/Entrevista-Luna-Eikar-viernes-10-de-mayo-2019.mp3\">Entrevista Luna Eikar &#8211; viernes 10 de mayo 2019<\/a><\/p>\n<audio class=\"wp-audio-shortcode\" id=\"audio-2475-16\" preload=\"none\" style=\"width: 100%;\" controls=\"controls\"><source type=\"audio\/mpeg\" src=\"http:\/\/reinadelcielo.cl\/radio\/wp-content\/uploads\/2019\/01\/INFORMATIVO-ARCA-N\u00b0-120-Viernes-11-ENERO-2019.mp3?_=16\" \/><a href=\"http:\/\/reinadelcielo.cl\/radio\/wp-content\/uploads\/2019\/01\/INFORMATIVO-ARCA-N\u00b0-120-Viernes-11-ENERO-2019.mp3\">http:\/\/reinadelcielo.cl\/radio\/wp-content\/uploads\/2019\/01\/INFORMATIVO-ARCA-N\u00b0-120-Viernes-11-ENERO-2019.mp3<\/a><\/audio>\n<p><a href=\"http:\/\/reinadelcielo.cl\/radio\/wp-content\/uploads\/2019\/01\/INFORMATIVO-ARCA-N\u00b0-120-Viernes-11-ENERO-2019.mp3\">INFORMATIVO ARCA N\u00b0 120 Viernes 11 ENERO 2019<\/a><\/p>\n<audio class=\"wp-audio-shortcode\" id=\"audio-2475-17\" preload=\"none\" style=\"width: 100%;\" controls=\"controls\"><source type=\"audio\/mpeg\" src=\"http:\/\/reinadelcielo.cl\/radio\/wp-content\/uploads\/2018\/11\/Homilia-Monse\u00f1or-Felipe-Bacarreza-finalizacion-40-dias-por-la-Vida.mp3?_=17\" \/><a href=\"http:\/\/reinadelcielo.cl\/radio\/wp-content\/uploads\/2018\/11\/Homilia-Monse\u00f1or-Felipe-Bacarreza-finalizacion-40-dias-por-la-Vida.mp3\">http:\/\/reinadelcielo.cl\/radio\/wp-content\/uploads\/2018\/11\/Homilia-Monse\u00f1or-Felipe-Bacarreza-finalizacion-40-dias-por-la-Vida.mp3<\/a><\/audio>\n<p><a href=\"http:\/\/reinadelcielo.cl\/radio\/wp-content\/uploads\/2018\/11\/Homilia-Monse\u00f1or-Felipe-Bacarreza-finalizacion-40-dias-por-la-Vida.mp3\">Homil\u00eda Monse\u00f1or Felipe Bacarreza finalizaci\u00f3n 40 d\u00edas por la Vida<\/a><\/p>\n<audio class=\"wp-audio-shortcode\" id=\"audio-2475-18\" preload=\"none\" style=\"width: 100%;\" controls=\"controls\"><source type=\"audio\/mpeg\" src=\"http:\/\/reinadelcielo.cl\/radio\/wp-content\/uploads\/2018\/10\/Homilia-Mons-F.-Bacarreza-ordenacion-Ivan-Gatica.mp3?_=18\" \/><a href=\"http:\/\/reinadelcielo.cl\/radio\/wp-content\/uploads\/2018\/10\/Homilia-Mons-F.-Bacarreza-ordenacion-Ivan-Gatica.mp3\">http:\/\/reinadelcielo.cl\/radio\/wp-content\/uploads\/2018\/10\/Homilia-Mons-F.-Bacarreza-ordenacion-Ivan-Gatica.mp3<\/a><\/audio>\n<p><a href=\"http:\/\/reinadelcielo.cl\/radio\/wp-content\/uploads\/2018\/10\/Homilia-Mons-F.-Bacarreza-ordenacion-Ivan-Gatica.mp3\">Homil\u00eda Mons F. Bacarreza ordenaci\u00f3n Iv\u00e1n Gatica<\/a><\/p>\n<audio class=\"wp-audio-shortcode\" id=\"audio-2475-19\" preload=\"none\" style=\"width: 100%;\" controls=\"controls\"><source type=\"audio\/mpeg\" src=\"http:\/\/reinadelcielo.cl\/radio\/wp-content\/uploads\/2018\/07\/Homilia-padre-Ramon-aniversario.mp3?_=19\" \/><a href=\"http:\/\/reinadelcielo.cl\/radio\/wp-content\/uploads\/2018\/07\/Homilia-padre-Ramon-aniversario.mp3\">http:\/\/reinadelcielo.cl\/radio\/wp-content\/uploads\/2018\/07\/Homilia-padre-Ramon-aniversario.mp3<\/a><\/audio>\n<p><a href=\"http:\/\/reinadelcielo.cl\/radio\/wp-content\/uploads\/2018\/07\/Homilia-padre-Ramon-aniversario.mp3\">Homil\u00eda padre Ram\u00f3n aniversario<\/a><\/p>\n<p>Homil\u00eda de monse\u00f1or Jorge Concha ofrecida en la misa del domingo 17 de junio 2018 en la Catedral san Mateo de Osorno.<\/p>\n<audio class=\"wp-audio-shortcode\" id=\"audio-2475-20\" preload=\"none\" style=\"width: 100%;\" controls=\"controls\"><source type=\"audio\/mpeg\" src=\"http:\/\/reinadelcielo.cl\/radio\/wp-content\/uploads\/2018\/06\/Homilia-Mons-Jorge-Concha.mp3?_=20\" \/><a href=\"http:\/\/reinadelcielo.cl\/radio\/wp-content\/uploads\/2018\/06\/Homilia-Mons-Jorge-Concha.mp3\">http:\/\/reinadelcielo.cl\/radio\/wp-content\/uploads\/2018\/06\/Homilia-Mons-Jorge-Concha.mp3<\/a><\/audio>\n<p><a href=\"http:\/\/reinadelcielo.cl\/radio\/wp-content\/uploads\/2018\/06\/Homilia-Mons-Jorge-Concha.mp3\">Homil\u00eda Mons Jorge Concha<\/a><\/p>\n<p>Conversaci\u00f3n de monse\u00f1or Felipe Bacarreza sobre la realidad de la iglesia en Chile.<\/p>\n<audio class=\"wp-audio-shortcode\" id=\"audio-2475-21\" preload=\"none\" style=\"width: 100%;\" controls=\"controls\"><source type=\"audio\/mpeg\" src=\"http:\/\/reinadelcielo.cl\/radio\/wp-content\/uploads\/2018\/05\/entrevista-monse\u00f1or.mp3?_=21\" \/><a href=\"http:\/\/reinadelcielo.cl\/radio\/wp-content\/uploads\/2018\/05\/entrevista-monse\u00f1or.mp3\">http:\/\/reinadelcielo.cl\/radio\/wp-content\/uploads\/2018\/05\/entrevista-monse\u00f1or.mp3<\/a><\/audio>\n<p><a href=\"http:\/\/reinadelcielo.cl\/radio\/wp-content\/uploads\/2018\/05\/entrevista-monse\u00f1or.mp3\">entrevista monse\u00f1or<\/a><\/p>\n","protected":false},"excerpt":{"rendered":"<p>Aqu\u00ed encontraras los eventos m\u00e1s importantes que se producen en la radio, entrevistas, mensajes y otras. &nbsp; &nbsp; &nbsp; &nbsp; &nbsp; Homil\u00eda Domingo 27 de Abril de 2024 &#8211; Padre Ram\u00f3n Henr\u00edquez Nota Padre Mauricio Zapata Milagro Mar\u00eda Vicenta Poloni Nota Padre Jorge Cerda Milagro Mar\u00eda Vicenta Poloni Nota Padre \u00c1lvaro Mart\u00ednez Milagro Mar\u00eda Vicenta &hellip;<\/p>\n","protected":false},"author":2,"featured_media":0,"parent":0,"menu_order":0,"comment_status":"closed","ping_status":"closed","template":"","meta":{"footnotes":""},"class_list":["post-2475","page","type-page","status-publish",""],"_links":{"self":[{"href":"https:\/\/reinadelcielo.cl\/radio\/wp-json\/wp\/v2\/pages\/2475","targetHints":{"allow":["GET"]}}],"collection":[{"href":"https:\/\/reinadelcielo.cl\/radio\/wp-json\/wp\/v2\/pages"}],"about":[{"href":"https:\/\/reinadelcielo.cl\/radio\/wp-json\/wp\/v2\/types\/page"}],"author":[{"embeddable":true,"href":"https:\/\/reinadelcielo.cl\/radio\/wp-json\/wp\/v2\/users\/2"}],"replies":[{"embeddable":true,"href":"https:\/\/reinadelcielo.cl\/radio\/wp-json\/wp\/v2\/comments?post=2475"}],"version-history":[{"count":21,"href":"https:\/\/reinadelcielo.cl\/radio\/wp-json\/wp\/v2\/pages\/2475\/revisions"}],"predecessor-version":[{"id":11487,"href":"https:\/\/reinadelcielo.cl\/radio\/wp-json\/wp\/v2\/pages\/2475\/revisions\/11487"}],"wp:attachment":[{"href":"https:\/\/reinadelcielo.cl\/radio\/wp-json\/wp\/v2\/media?parent=2475"}],"curies":[{"name":"wp","href":"https:\/\/api.w.org\/{rel}","templated":true}]}}