{"id":12297,"date":"2026-02-27T14:25:29","date_gmt":"2026-02-27T18:25:29","guid":{"rendered":"https:\/\/reinadelcielo.cl\/radio\/?page_id=12297"},"modified":"2026-04-14T11:27:56","modified_gmt":"2026-04-14T15:27:56","slug":"tiempos-de-la-iglesia","status":"publish","type":"page","link":"https:\/\/reinadelcielo.cl\/radio\/tiempos-de-la-iglesia\/","title":{"rendered":"Tiempos de la Iglesia"},"content":{"rendered":"<h1 style=\"text-align: center;\">Resurrecci\u00f3n<\/h1>\n<audio class=\"wp-audio-shortcode\" id=\"audio-12297-1\" preload=\"none\" style=\"width: 100%;\" controls=\"controls\"><source type=\"audio\/mpeg\" src=\"http:\/\/reinadelcielo.cl\/radio\/wp-content\/uploads\/2026\/04\/Tiempo-de-la-Iglesia-Sabado-18-Abril-de-2026.mp3?_=1\" \/><a href=\"http:\/\/reinadelcielo.cl\/radio\/wp-content\/uploads\/2026\/04\/Tiempo-de-la-Iglesia-Sabado-18-Abril-de-2026.mp3\">http:\/\/reinadelcielo.cl\/radio\/wp-content\/uploads\/2026\/04\/Tiempo-de-la-Iglesia-Sabado-18-Abril-de-2026.mp3<\/a><\/audio>\n<p><a href=\"http:\/\/reinadelcielo.cl\/radio\/wp-content\/uploads\/2026\/04\/Tiempo-de-la-Iglesia-Sabado-18-Abril-de-2026.mp3\">Tiempo de la Iglesia &#8211; S\u00e1bado 18 Abril de 2026<\/a><\/p>\n<audio class=\"wp-audio-shortcode\" id=\"audio-12297-2\" preload=\"none\" style=\"width: 100%;\" controls=\"controls\"><source type=\"audio\/mpeg\" src=\"http:\/\/reinadelcielo.cl\/radio\/wp-content\/uploads\/2026\/04\/Tiempo-de-la-Iglesia-Sabado-11-Abril-de-2026.mp3?_=2\" \/><a href=\"http:\/\/reinadelcielo.cl\/radio\/wp-content\/uploads\/2026\/04\/Tiempo-de-la-Iglesia-Sabado-11-Abril-de-2026.mp3\">http:\/\/reinadelcielo.cl\/radio\/wp-content\/uploads\/2026\/04\/Tiempo-de-la-Iglesia-Sabado-11-Abril-de-2026.mp3<\/a><\/audio>\n<p><a href=\"http:\/\/reinadelcielo.cl\/radio\/wp-content\/uploads\/2026\/04\/Tiempo-de-la-Iglesia-Sabado-11-Abril-de-2026.mp3\">Tiempo de la Iglesia &#8211; S\u00e1bado 11 Abril de 2026<\/a><\/p>\n<h1 style=\"text-align: center;\">Cuaresma<\/h1>\n<audio class=\"wp-audio-shortcode\" id=\"audio-12297-3\" preload=\"none\" style=\"width: 100%;\" controls=\"controls\"><source type=\"audio\/mpeg\" src=\"http:\/\/reinadelcielo.cl\/radio\/wp-content\/uploads\/2026\/04\/Tiempo-de-la-Iglesia-Sabado-04-Abril-de-2026.mp3?_=3\" \/><a href=\"http:\/\/reinadelcielo.cl\/radio\/wp-content\/uploads\/2026\/04\/Tiempo-de-la-Iglesia-Sabado-04-Abril-de-2026.mp3\">http:\/\/reinadelcielo.cl\/radio\/wp-content\/uploads\/2026\/04\/Tiempo-de-la-Iglesia-Sabado-04-Abril-de-2026.mp3<\/a><\/audio>\n<p><a href=\"http:\/\/reinadelcielo.cl\/radio\/wp-content\/uploads\/2026\/04\/Tiempo-de-la-Iglesia-Sabado-04-Abril-de-2026.mp3\">Tiempo de la Iglesia &#8211; S\u00e1bado 04 Abril de 2026<\/a><\/p>\n<audio class=\"wp-audio-shortcode\" id=\"audio-12297-4\" preload=\"none\" style=\"width: 100%;\" controls=\"controls\"><source type=\"audio\/mpeg\" src=\"http:\/\/reinadelcielo.cl\/radio\/wp-content\/uploads\/2026\/03\/Tiempo-de-la-Iglesia-Sabado-28-de-Marzo-de-2026.mp3?_=4\" \/><a href=\"http:\/\/reinadelcielo.cl\/radio\/wp-content\/uploads\/2026\/03\/Tiempo-de-la-Iglesia-Sabado-28-de-Marzo-de-2026.mp3\">http:\/\/reinadelcielo.cl\/radio\/wp-content\/uploads\/2026\/03\/Tiempo-de-la-Iglesia-Sabado-28-de-Marzo-de-2026.mp3<\/a><\/audio>\n<p><a href=\"http:\/\/reinadelcielo.cl\/radio\/wp-content\/uploads\/2026\/03\/Tiempo-de-la-Iglesia-Sabado-28-de-Marzo-de-2026.mp3\">Tiempo de la Iglesia &#8211; -S\u00e1bado 28 de Marzo de 2026<\/a><\/p>\n<audio class=\"wp-audio-shortcode\" id=\"audio-12297-5\" preload=\"none\" style=\"width: 100%;\" controls=\"controls\"><source type=\"audio\/mpeg\" src=\"http:\/\/reinadelcielo.cl\/radio\/wp-content\/uploads\/2026\/03\/Tiempo-de-la-Iglesia-Sabado-21-de-Marzo-de-2026.mp3?_=5\" \/><a href=\"http:\/\/reinadelcielo.cl\/radio\/wp-content\/uploads\/2026\/03\/Tiempo-de-la-Iglesia-Sabado-21-de-Marzo-de-2026.mp3\">http:\/\/reinadelcielo.cl\/radio\/wp-content\/uploads\/2026\/03\/Tiempo-de-la-Iglesia-Sabado-21-de-Marzo-de-2026.mp3<\/a><\/audio>\n<p><a href=\"http:\/\/reinadelcielo.cl\/radio\/wp-content\/uploads\/2026\/03\/Tiempo-de-la-Iglesia-Sabado-21-de-Marzo-de-2026.mp3\">Tiempo de la Iglesia &#8211; -S\u00e1bado 21 de Marzo de 2026<\/a><\/p>\n<audio class=\"wp-audio-shortcode\" id=\"audio-12297-6\" preload=\"none\" style=\"width: 100%;\" controls=\"controls\"><source type=\"audio\/mpeg\" src=\"http:\/\/reinadelcielo.cl\/radio\/wp-content\/uploads\/2026\/03\/Tiempo-de-la-Iglesia-Sabado-14-de-Marzo-de-2026.mp3?_=6\" \/><a href=\"http:\/\/reinadelcielo.cl\/radio\/wp-content\/uploads\/2026\/03\/Tiempo-de-la-Iglesia-Sabado-14-de-Marzo-de-2026.mp3\">http:\/\/reinadelcielo.cl\/radio\/wp-content\/uploads\/2026\/03\/Tiempo-de-la-Iglesia-Sabado-14-de-Marzo-de-2026.mp3<\/a><\/audio>\n<p><a href=\"http:\/\/reinadelcielo.cl\/radio\/wp-content\/uploads\/2026\/03\/Tiempo-de-la-Iglesia-Sabado-14-de-Marzo-de-2026.mp3\">Tiempo de la Iglesia &#8211; -S\u00e1bado 14 de Marzo de 2026<\/a><\/p>\n<audio class=\"wp-audio-shortcode\" id=\"audio-12297-7\" preload=\"none\" style=\"width: 100%;\" controls=\"controls\"><source type=\"audio\/mpeg\" src=\"http:\/\/reinadelcielo.cl\/radio\/wp-content\/uploads\/2026\/03\/Tiempo-de-Cuaresma-02.mp3?_=7\" \/><a href=\"http:\/\/reinadelcielo.cl\/radio\/wp-content\/uploads\/2026\/03\/Tiempo-de-Cuaresma-02.mp3\">http:\/\/reinadelcielo.cl\/radio\/wp-content\/uploads\/2026\/03\/Tiempo-de-Cuaresma-02.mp3<\/a><\/audio>\n<p><a href=\"http:\/\/reinadelcielo.cl\/radio\/wp-content\/uploads\/2026\/03\/Tiempo-de-Cuaresma-02.mp3\">Tiempo de Cuaresma 02<\/a><\/p>\n<audio class=\"wp-audio-shortcode\" id=\"audio-12297-8\" preload=\"none\" style=\"width: 100%;\" controls=\"controls\"><source type=\"audio\/mpeg\" src=\"http:\/\/reinadelcielo.cl\/radio\/wp-content\/uploads\/2026\/02\/Tiempo-de-Cuaresma.mp3?_=8\" \/><a href=\"http:\/\/reinadelcielo.cl\/radio\/wp-content\/uploads\/2026\/02\/Tiempo-de-Cuaresma.mp3\">http:\/\/reinadelcielo.cl\/radio\/wp-content\/uploads\/2026\/02\/Tiempo-de-Cuaresma.mp3<\/a><\/audio>\n<p><a href=\"http:\/\/reinadelcielo.cl\/radio\/wp-content\/uploads\/2026\/02\/Tiempo-de-Cuaresma.mp3\">Tiempo de Cuaresma 01<\/a><\/p>\n<p>&nbsp;<\/p>\n","protected":false},"excerpt":{"rendered":"<p>Resurrecci\u00f3n Tiempo de la Iglesia &#8211; S\u00e1bado 18 Abril de 2026 Tiempo de la Iglesia &#8211; S\u00e1bado 11 Abril de 2026 Cuaresma Tiempo de la Iglesia &#8211; S\u00e1bado 04 Abril de 2026 Tiempo de la Iglesia &#8211; -S\u00e1bado 28 de Marzo de 2026 Tiempo de la Iglesia &#8211; -S\u00e1bado 21 de Marzo de 2026 Tiempo &hellip;<\/p>\n","protected":false},"author":2,"featured_media":0,"parent":0,"menu_order":0,"comment_status":"closed","ping_status":"closed","template":"","meta":{"footnotes":""},"class_list":["post-12297","page","type-page","status-publish",""],"_links":{"self":[{"href":"https:\/\/reinadelcielo.cl\/radio\/wp-json\/wp\/v2\/pages\/12297","targetHints":{"allow":["GET"]}}],"collection":[{"href":"https:\/\/reinadelcielo.cl\/radio\/wp-json\/wp\/v2\/pages"}],"about":[{"href":"https:\/\/reinadelcielo.cl\/radio\/wp-json\/wp\/v2\/types\/page"}],"author":[{"embeddable":true,"href":"https:\/\/reinadelcielo.cl\/radio\/wp-json\/wp\/v2\/users\/2"}],"replies":[{"embeddable":true,"href":"https:\/\/reinadelcielo.cl\/radio\/wp-json\/wp\/v2\/comments?post=12297"}],"version-history":[{"count":11,"href":"https:\/\/reinadelcielo.cl\/radio\/wp-json\/wp\/v2\/pages\/12297\/revisions"}],"predecessor-version":[{"id":12420,"href":"https:\/\/reinadelcielo.cl\/radio\/wp-json\/wp\/v2\/pages\/12297\/revisions\/12420"}],"wp:attachment":[{"href":"https:\/\/reinadelcielo.cl\/radio\/wp-json\/wp\/v2\/media?parent=12297"}],"curies":[{"name":"wp","href":"https:\/\/api.w.org\/{rel}","templated":true}]}}